{"id":57,"date":"2021-10-09T23:09:41","date_gmt":"2021-10-09T21:09:41","guid":{"rendered":"http:\/\/www.tms-transport.fr\/?page_id=57"},"modified":"2021-10-28T17:24:03","modified_gmt":"2021-10-28T15:24:03","slug":"57-2","status":"publish","type":"page","link":"https:\/\/www.tms-transport.fr\/index.php\/57-2\/","title":{"rendered":""},"content":{"rendered":"<div class=\"vce-row-container\" data-vce-boxed-width=\"true\"><div class=\"vce-row vce-row--col-gap-30 vce-row-equal-height vce-row-content--top\" id=\"el-420f7583\" data-vce-do-apply=\"all el-420f7583\"><div class=\"vce-content-background-container\"><div class=\"vce-asset-parallax-container vce-visible-xl-only\" data-vce-assets-parallax=\".vce-asset-parallax\" data-vce-assets-parallax-fade=\"true\" data-vce-assets-parallax-reverse=\"false\"><div class=\"vce-asset-parallax\" style=\"top: -30vh; bottom: -30vh; transform: translateY(-9.1795vh);\"><\/div><\/div><\/div><div class=\"vce-row-content\" data-vce-element-content=\"true\"><div class=\"vce-col vce-col--md-auto vce-col--xs-1 vce-col--xs-last vce-col--xs-first vce-col--sm-last vce-col--sm-first vce-col--md-first vce-col--lg-first vce-col--xl-first\" id=\"el-4a4d12dd\"><div class=\"vce-col-inner\" data-vce-do-apply=\"border margin background  el-4a4d12dd\"><div class=\"vce-content-background-container\"><\/div><div class=\"vce-col-content\" data-vce-element-content=\"true\" data-vce-do-apply=\"padding el-4a4d12dd\"><div class=\"vce-text-block\"><div class=\"vce-text-block-wrapper vce\" id=\"el-cd823a2e\" data-vce-do-apply=\"all el-cd823a2e\"><h2>Corr\u00e8ze<\/h2>\n<ul>\n<li>Brive&nbsp;<\/li>\n<li>Cosnac<\/li>\n<li>Malemort<\/li>\n<li>Ussac<\/li>\n<li>Mansac<\/li>\n<li>Larche&nbsp;<\/li>\n<li>Turenne<\/li>\n<li>Meyssac<\/li>\n<li>Nonards<\/li>\n<li>Beaulieu<\/li>\n<li>Chauffour\/Veil<\/li>\n<\/ul><\/div><\/div><\/div><\/div><\/div><div class=\"vce-col vce-col--md-auto vce-col--xs-1 vce-col--xs-last vce-col--xs-first vce-col--sm-last vce-col--sm-first\" id=\"el-b54198ec\"><div class=\"vce-col-inner\" data-vce-do-apply=\"border margin background  el-b54198ec\"><div class=\"vce-col-content\" data-vce-element-content=\"true\" data-vce-do-apply=\"padding el-b54198ec\"><div class=\"vce-text-block\"><div class=\"vce-text-block-wrapper vce\" id=\"el-c8154841\" data-vce-do-apply=\"all el-c8154841\"><h2>Dordogne<\/h2><ul><li>Terrasson<\/li><li>Condat<\/li><li>La bachellerie<\/li><li>Thonac<\/li><li>Montignac<\/li><li>Salignac<\/li><li>St Geni\u00e8s<\/li><li>Sarlat<\/li><li>Calviac<\/li><\/ul><\/div><\/div><\/div><\/div><\/div><div class=\"vce-col vce-col--md-auto vce-col--xs-1 vce-col--xs-last vce-col--xs-first vce-col--sm-last vce-col--sm-first\" id=\"el-de5561bb\"><div class=\"vce-col-inner\" data-vce-do-apply=\"border margin background  el-de5561bb\"><div class=\"vce-col-content\" data-vce-element-content=\"true\" data-vce-do-apply=\"padding el-de5561bb\"><div class=\"vce-text-block\"><div class=\"vce-text-block-wrapper vce\" id=\"el-7d632be1\" data-vce-do-apply=\"all el-7d632be1\"><h2>Lot<\/h2><ul><li>Cressenssac<\/li><li>Souillac<\/li><li>St Sozy<\/li><li>Gramat<\/li><li>Thegra<\/li><li>Aynac<\/li><li>Mayrinhac-Lentour<\/li><li>St C\u00e9r\u00e9<\/li><li>Martel<\/li><li>Les Quatres Routes<\/li><li>Vayrac<\/li><li>Betaill\u00e9<\/li><li>Puybrun<\/li><li>Bretenoux<\/li><li>Biars<\/li><\/ul><\/div><\/div><\/div><\/div><\/div><div class=\"vce-col vce-col--md-auto vce-col--xs-1 vce-col--xs-last vce-col--xs-first vce-col--sm-last vce-col--sm-first vce-col--md-last vce-col--lg-last vce-col--xl-last\" id=\"el-28d83319\"><div class=\"vce-col-inner\" data-vce-do-apply=\"border margin background  el-28d83319\"><div class=\"vce-col-content\" data-vce-element-content=\"true\" data-vce-do-apply=\"padding el-28d83319\"><\/div><\/div><\/div><\/div><\/div><\/div><div class=\"vce-row-container\" data-vce-boxed-width=\"true\"><div class=\"vce-row vce-row--col-gap-30 vce-row-equal-height vce-row-content--top\" id=\"el-b1658f49\" data-vce-do-apply=\"all el-b1658f49\"><div class=\"vce-content-background-container\"><\/div><div class=\"vce-row-content\" data-vce-element-content=\"true\"><div class=\"vce-col vce-col--md-auto vce-col--xs-1 vce-col--xs-last vce-col--xs-first vce-col--sm-last vce-col--sm-first vce-col--md-first vce-col--lg-first vce-col--xl-first\" id=\"el-008fef12\"><div class=\"vce-col-inner\" data-vce-do-apply=\"border margin background  el-008fef12\"><div class=\"vce-col-content\" data-vce-element-content=\"true\" data-vce-do-apply=\"padding el-008fef12\"><div class=\"vce-simple-image-slider\" data-photoswipe-gallery=\"209188af\"><div class=\"vce-simple-image-slider-wrapper vce\" id=\"el-209188af\" data-vce-do-apply=\"all el-209188af\"><div class=\"vce-simple-image-slider-helper vce-simple-image-slider-aspect-ratio--custom\" style=\"padding-top: 42.8571%;\"><div class=\"vce-simple-image-slider-list\" data-slick-autoplay=\"on\" data-slick-autoplay-delay=\"5000\" data-slick-effect=\"slideIn\" data-slick-dots=\"on\" data-slick-arrows=\"off\"><div class=\"slick-list\"><div class=\"slick-track\"><div class=\"vce-simple-image-slider-item vc-slick-item\" data-photoswipe-item=\"photoswipe-209188af\"><a href=\"https:\/\/www.tms-transport.fr\/wp-content\/uploads\/2021\/07\/TMS-pour-site2.png\" data-photoswipe-image=\"209188af\" data-photoswipe-index=\"0\" data-photoswipe-caption=\"\" style=\"background-image:url(https:\/\/www.tms-transport.fr\/wp-content\/uploads\/2021\/07\/TMS-pour-site2.png)\" class=\"vce-simple-image-slider-img vce-simple-image-slider-img--scale vce-simple-image-slider-img--background-position-center-center\"><img class=\"\" src=\"https:\/\/www.tms-transport.fr\/wp-content\/uploads\/2021\/07\/TMS-pour-site2.png\" style=\"display:none\" alt=\"\"><\/a><\/div><div class=\"vce-simple-image-slider-item vc-slick-item\" data-photoswipe-item=\"photoswipe-209188af\"><a href=\"https:\/\/www.tms-transport.fr\/wp-content\/uploads\/2021\/07\/3.jpg\" data-photoswipe-image=\"209188af\" data-photoswipe-index=\"1\" data-photoswipe-caption=\"\" style=\"background-image:url(https:\/\/www.tms-transport.fr\/wp-content\/uploads\/2021\/07\/3.jpg)\" class=\"vce-simple-image-slider-img vce-simple-image-slider-img--scale vce-simple-image-slider-img--background-position-center-center\"><img class=\"\" src=\"https:\/\/www.tms-transport.fr\/wp-content\/uploads\/2021\/07\/3.jpg\" style=\"display:none\" alt=\"\"><\/a><\/div><div class=\"vce-simple-image-slider-item vc-slick-item\" data-photoswipe-item=\"photoswipe-209188af\"><a href=\"https:\/\/www.tms-transport.fr\/wp-content\/uploads\/2021\/07\/19.jpg\" data-photoswipe-image=\"209188af\" data-photoswipe-index=\"2\" data-photoswipe-caption=\"\" style=\"background-image:url(https:\/\/www.tms-transport.fr\/wp-content\/uploads\/2021\/07\/19.jpg)\" class=\"vce-simple-image-slider-img vce-simple-image-slider-img--scale vce-simple-image-slider-img--background-position-center-center\"><img class=\"\" src=\"https:\/\/www.tms-transport.fr\/wp-content\/uploads\/2021\/07\/19.jpg\" style=\"display:none\" alt=\"\"><\/a><\/div><div class=\"vce-simple-image-slider-item vc-slick-item\" data-photoswipe-item=\"photoswipe-209188af\"><a href=\"https:\/\/www.tms-transport.fr\/wp-content\/uploads\/2021\/07\/17.jpg\" data-photoswipe-image=\"209188af\" data-photoswipe-index=\"3\" data-photoswipe-caption=\"\" style=\"background-image:url(https:\/\/www.tms-transport.fr\/wp-content\/uploads\/2021\/07\/17.jpg)\" class=\"vce-simple-image-slider-img vce-simple-image-slider-img--scale vce-simple-image-slider-img--background-position-center-center\"><img class=\"\" src=\"https:\/\/www.tms-transport.fr\/wp-content\/uploads\/2021\/07\/17.jpg\" style=\"display:none\" alt=\"\"><\/a><\/div><div class=\"vce-simple-image-slider-item vc-slick-item\" data-photoswipe-item=\"photoswipe-209188af\"><a href=\"https:\/\/www.tms-transport.fr\/wp-content\/uploads\/2021\/07\/7.jpg\" data-photoswipe-image=\"209188af\" data-photoswipe-index=\"4\" data-photoswipe-caption=\"\" style=\"background-image:url(https:\/\/www.tms-transport.fr\/wp-content\/uploads\/2021\/07\/7.jpg)\" class=\"vce-simple-image-slider-img vce-simple-image-slider-img--scale vce-simple-image-slider-img--background-position-center-center\"><img class=\"\" src=\"https:\/\/www.tms-transport.fr\/wp-content\/uploads\/2021\/07\/7.jpg\" style=\"display:none\" alt=\"\"><\/a><\/div><\/div><\/div><\/div><div class=\"vce-simple-image-slider-dots vce-simple-image-slider-dots-color--fff vce-simple-image-slider-dots-color-hover--fd9a00\"><\/div><\/div><\/div><\/div><\/div><\/div><\/div><div class=\"vce-col vce-col--md-auto vce-col--xs-1 vce-col--xs-last vce-col--xs-first vce-col--sm-last vce-col--sm-first vce-col--md-last vce-col--lg-last vce-col--xl-last\" id=\"el-9e29b707\"><div class=\"vce-col-inner\" data-vce-do-apply=\"border margin background  el-9e29b707\"><div class=\"vce-col-content\" data-vce-element-content=\"true\" data-vce-do-apply=\"padding el-9e29b707\"><div class=\"vce-text-block\"><div class=\"vce-text-block-wrapper vce\" id=\"el-864e2f29\" data-vce-do-apply=\"all el-864e2f29\"><h2>Vous ne trouvez pas votre ville?<\/h2><p><span style=\"color: #b22c2f;\">Envoyez-nous un mail...<\/span><\/p><\/div><\/div><div class=\"vce-widgets-container\"><div class=\"vce vce-widgets-wrapper\" id=\"el-90b87bf6\" data-vce-do-apply=\"all el-90b87bf6\"><div class=\"wpforms-container wpforms-container-full\" id=\"wpforms-21\"><form id=\"wpforms-form-21\" class=\"wpforms-validate wpforms-form\" data-formid=\"21\" method=\"post\" enctype=\"multipart\/form-data\" action=\"\/index.php\/wp-json\/wp\/v2\/pages\/57\" data-token=\"a114a2e3f4ed243e3cda83fa4bebc7d1\"><noscript class=\"wpforms-error-noscript\">Please enable JavaScript in your browser to complete this form.<\/noscript><div class=\"wpforms-field-container\"><div id=\"wpforms-21-field_0-container\" class=\"wpforms-field wpforms-field-name\" data-field-id=\"0\"><label class=\"wpforms-field-label\" for=\"wpforms-21-field_0\">Nom <span class=\"wpforms-required-label\">*<\/span><\/label><input type=\"text\" id=\"wpforms-21-field_0\" class=\"wpforms-field-medium wpforms-field-required\" name=\"wpforms[fields][0]\" required><\/div><div id=\"wpforms-21-field_1-container\" class=\"wpforms-field wpforms-field-email\" data-field-id=\"1\"><label class=\"wpforms-field-label\" for=\"wpforms-21-field_1\">E-mail <span class=\"wpforms-required-label\">*<\/span><\/label><input type=\"email\" id=\"wpforms-21-field_1\" class=\"wpforms-field-medium wpforms-field-required\" name=\"wpforms[fields][1]\" required><\/div><div id=\"wpforms-21-field_2-container\" class=\"wpforms-field wpforms-field-textarea\" data-field-id=\"2\"><label class=\"wpforms-field-label\" for=\"wpforms-21-field_2\">Commentaire ou message <span class=\"wpforms-required-label\">*<\/span><\/label><textarea id=\"wpforms-21-field_2\" class=\"wpforms-field-medium wpforms-field-required\" name=\"wpforms[fields][2]\" required><\/textarea><\/div><\/div><div class=\"wpforms-submit-container\" ><input type=\"hidden\" name=\"wpforms[id]\" value=\"21\"><input type=\"hidden\" name=\"wpforms[author]\" value=\"1\"><button type=\"submit\" name=\"wpforms[submit]\" class=\"wpforms-submit \" id=\"wpforms-submit-21\" value=\"wpforms-submit\" aria-live=\"assertive\" data-alt-text=\"Envoi...\" data-submit-text=\"Envoyer\">Envoyer<\/button><\/div><\/form><\/div>  <!-- .wpforms-container --><\/div><\/div><\/div><\/div><\/div><\/div><\/div><\/div>\n","protected":false},"excerpt":{"rendered":"<p>Corr\u00e8ze Brive&nbsp; Cosnac Malemort Ussac Mansac Larche&nbsp; Turenne Meyssac Nonards Beaulieu Chauffour\/Veil DordogneTerrassonCondatLa bachellerieThonacMontignacSalignacSt Geni\u00e8sSarlatCalviacLotCressenssacSouillacSt SozyGramatThegraAynacMayrinhac-LentourSt C\u00e9r\u00e9MartelLes Quatres RoutesVayracBetaill\u00e9PuybrunBretenouxBiarsVous ne trouvez pas votre ville?Envoyez-nous un mail&#8230;<\/p>\n","protected":false},"author":1,"featured_media":0,"parent":0,"menu_order":0,"comment_status":"closed","ping_status":"closed","template":"","meta":[],"_links":{"self":[{"href":"https:\/\/www.tms-transport.fr\/index.php\/wp-json\/wp\/v2\/pages\/57"}],"collection":[{"href":"https:\/\/www.tms-transport.fr\/index.php\/wp-json\/wp\/v2\/pages"}],"about":[{"href":"https:\/\/www.tms-transport.fr\/index.php\/wp-json\/wp\/v2\/types\/page"}],"author":[{"embeddable":true,"href":"https:\/\/www.tms-transport.fr\/index.php\/wp-json\/wp\/v2\/users\/1"}],"replies":[{"embeddable":true,"href":"https:\/\/www.tms-transport.fr\/index.php\/wp-json\/wp\/v2\/comments?post=57"}],"version-history":[{"count":26,"href":"https:\/\/www.tms-transport.fr\/index.php\/wp-json\/wp\/v2\/pages\/57\/revisions"}],"predecessor-version":[{"id":291,"href":"https:\/\/www.tms-transport.fr\/index.php\/wp-json\/wp\/v2\/pages\/57\/revisions\/291"}],"wp:attachment":[{"href":"https:\/\/www.tms-transport.fr\/index.php\/wp-json\/wp\/v2\/media?parent=57"}],"curies":[{"name":"wp","href":"https:\/\/api.w.org\/{rel}","templated":true}]}}